{"id":3057678,"date":"2018-05-24T14:57:47","date_gmt":"2018-05-24T12:57:47","guid":{"rendered":"http:\/\/www.events-und-trends.de\/data\/?page_id=3057678"},"modified":"2018-05-28T22:59:16","modified_gmt":"2018-05-28T20:59:16","slug":"disclaimer-2","status":"publish","type":"page","link":"http:\/\/www.events-und-trends.de\/data\/disclaimer-2","title":{"rendered":"Disclaimer"},"content":{"rendered":"<p><strong>Hinweise zu Links:<\/strong><\/p>\n<p>Das Landgericht Hamburg hat mit Urteil vom 12.05.1998 entschieden, dass man durch die Ausbringung eines Links die Inhalte der gelinkten Seite ggf. mit zu verantworten hat.<\/p>\n<p>Dies kann &#8211; so das LG &#8211; nur dadurch verhindert werden, dass man sich ausdr\u00fccklich von diesen Inhalten distanziert. Wir haben auf dieser Page Links zu anderen Seiten im Internet gelegt. F\u00fcr all diese Links gilt: Wir m\u00f6chte ausdr\u00fccklich betonen, dass wir keinerlei Einfluss auf die Gestaltung und die Inhalte dieser Seiten haben. Deshalb distanzieren wir uns hiermit ausdr\u00fccklich von allen Inhalten aller gelinkten Seiten auf dieser Website inkl. aller Unterseiten (auch f\u00fcr Foren, G\u00e4steb\u00fccher, Kleinanzeiger, etc.).<\/p>\n<p>Diese Erkl\u00e4rung gilt f\u00fcr alle auf dieser Homepage angebrachten Links und f\u00fcr alle Inhalte der Seiten, zu denen Links oder Banner f\u00fchren.<\/p>\n<p>&nbsp;<\/p>\n<p><strong>Hinweise zu den Inhalten und zum Copyright:<\/strong><\/p>\n<p>Wir bem\u00fchen uns zwar die angegebenen Inhalte auf diesen Seiten &#8222;up to date&#8220; und auch korrekt zu halten, aber wir \u00fcbernehme hierf\u00fcr keine Gew\u00e4hr und keine Garantie. Das gleiche gilt f\u00fcr Preisangaben (wie z.B. f\u00fcr Eintrittskarten).<\/p>\n<p>Das Copyright der Homepage, damit sind alle Informationen und jegliches Bildmaterial auf den Seiten gemeint, liegt beim Autor und beim Magazin &#8222;Events-und-Trends&#8220;. Dies gilt f\u00fcr alle Seiten und Unterseiten der Homepage.<\/p>\n<p>Der \/ die jeweilige Verfasser\/in eines Artikels tr\u00e4gt die volle Verantwortung f\u00fcr den Inhalt des Artikels. Er \/ Sie gew\u00e4hrt dem Magazin &#8222;Events-und-Trends&#8220; die uneingeschr\u00e4nkten Ver\u00f6ffentlichungsrechte, auch nach dem ausscheiden aus der Redaktion. Das gleiche gilt im \u00fcbrigen f\u00fcr Fotos und weiteres Bildmaterial. Sollen Seiten gel\u00f6scht werden, kann dies von berechtigten Personen an die E-Mail-Adresse melden@events-und-trends.de gemeldet werden.<\/p>\n<p>An &#8222;Events-und-Trends&#8220; eingesandte Fanberichte und -fotos darf das Magazin ver\u00f6ffentlichen, ist jedoch nicht zu einer Ver\u00f6ffentlichung gezwungen. Eine L\u00f6schung von Berichten kann von berechtigten Personen per E-Mail an melden@events-und-trends.de beauftragt werden.<\/p>\n<p>Falls Sie Materialien (oder Inhalte) dieser Homepage ver\u00f6ffentlichen m\u00f6chten, ist zuvor bei uns eine Genehmigung einzuholen.<\/p>\n<p>&nbsp;<\/p>\n<p><strong>Hinweise zu Gewinnspielen:<\/strong><\/p>\n<p>Wir f\u00fchren hin und wieder Gewinnspiele durch. Die dabei erhobenen Daten werden zur Benachrichtigung der Gewinner ben\u00f6tigt und f\u00fcr diesen Zweck gespeichert und verwendet. Eine Weitergabe an Dritte erfolgt nur, wenn dies zur Durchf\u00fchrung des Gewinnspiels unbedingt notwendig ist (z.B. zur Tickethinterlegung an der Abendkasse). Es erfolgt im entsprechenden Fall ein Hinweis. Die Gewinner werden von uns per E-mail benachrichtigt. Es besteht kein Anspruch auf Auszahlung des Gewinnes in Euro oder sonst einer W\u00e4hrung. Wir behalten uns das Recht vor, Personen von Gewinnspielen auszuschlie\u00dfen. \u00c4nderungen sind vorbehalten. Der Rechtsweg ist ausgeschlossen.<\/p>\n<p>&nbsp;<\/p>\n<p><strong>Allgemeine Hinweise:<\/strong><\/p>\n<p>Das Magazin beh\u00e4lt sich vor, diesen Disclaimer zu \u00e4ndern. Ist eine dieser Klauseln unwirksam, behalten die restlichen dennoch ihre G\u00fcltigkeit.<\/p>\n<p>Sollten auf dieser Homepage irgendwelche Rechte verletzt werden, geben Sie uns bitte bescheid. Die betreffenden Stellen werden dann sofort entfernt. Vielen Dank.<\/p>\n","protected":false},"excerpt":{"rendered":"<p>Hinweise zu Links: Das Landgericht Hamburg hat mit Urteil vom 12.05.1998 entschieden, dass man durch die Ausbringung eines Links die Inhalte der gelinkten Seite ggf. mit zu verantworten hat. Dies kann &#8211; so das LG &#8211; nur dadurch verhindert werden,&hellip;<\/p>\n<p class=\"more-link-p\"><a class=\"more-link\" href=\"http:\/\/www.events-und-trends.de\/data\/disclaimer-2\">weiterlesen<\/a><\/p>\n","protected":false},"author":1,"featured_media":0,"parent":0,"menu_order":0,"comment_status":"closed","ping_status":"closed","template":"","meta":{"ngg_post_thumbnail":0,"footnotes":""},"class_list":["post-3057678","page","type-page","status-publish","hentry"],"_links":{"self":[{"href":"http:\/\/www.events-und-trends.de\/data\/wp-json\/wp\/v2\/pages\/3057678","targetHints":{"allow":["GET"]}}],"collection":[{"href":"http:\/\/www.events-und-trends.de\/data\/wp-json\/wp\/v2\/pages"}],"about":[{"href":"http:\/\/www.events-und-trends.de\/data\/wp-json\/wp\/v2\/types\/page"}],"author":[{"embeddable":true,"href":"http:\/\/www.events-und-trends.de\/data\/wp-json\/wp\/v2\/users\/1"}],"replies":[{"embeddable":true,"href":"http:\/\/www.events-und-trends.de\/data\/wp-json\/wp\/v2\/comments?post=3057678"}],"version-history":[{"count":3,"href":"http:\/\/www.events-und-trends.de\/data\/wp-json\/wp\/v2\/pages\/3057678\/revisions"}],"predecessor-version":[{"id":3057689,"href":"http:\/\/www.events-und-trends.de\/data\/wp-json\/wp\/v2\/pages\/3057678\/revisions\/3057689"}],"wp:attachment":[{"href":"http:\/\/www.events-und-trends.de\/data\/wp-json\/wp\/v2\/media?parent=3057678"}],"curies":[{"name":"wp","href":"https:\/\/api.w.org\/{rel}","templated":true}]}}