{"id":3052509,"date":"2011-07-02T18:07:18","date_gmt":"2011-07-02T16:07:18","guid":{"rendered":"http:\/\/events-und-trends.de\/info\/?page_id=3052509"},"modified":"2011-07-02T18:07:18","modified_gmt":"2011-07-02T16:07:18","slug":"stargeburtstage-im-september","status":"publish","type":"page","link":"http:\/\/www.events-und-trends.de\/data\/stargeburtstage-im-september","title":{"rendered":"Stargeburtstage im September"},"content":{"rendered":"<ul>\n<li>01. Gloria Estefan (1957) &#8211; S\u00e4ngerin<\/li>\n<li>02. Keanu Reeves (1964) &#8211; Schauspieler<\/li>\n<li>04. Dan Miller (1980) &#8211; O-Town<\/li>\n<li>08. Pink (1979) &#8211; S\u00e4ngerin<\/li>\n<li>09. Hugh Grant (1960) &#8211; Schauspieler<\/li>\n<li>11. Moby (1965) &#8211; S\u00e4nger<\/li>\n<li>12. Ralf Bauer (1966) &#8211; Schauspieler, Moderator<\/li>\n<li>12. Liam Gallagher (1972) &#8211; Oasis<\/li>\n<li>14. Amanda (1978) &#8211; Tears<\/li>\n<li>16. David Copperfield (1956) &#8211; Zauberer<\/li>\n<li>16. Tina Barrett (1976) &#8211; S Club<\/li>\n<li>17. Anastacia (1973) &#8211; S\u00e4ngerin<\/li>\n<li>21. David Silveria (1972) &#8211; Korn<\/li>\n<li>23. Erik-Michael Estrada (1979) &#8211; O-Town<\/li>\n<li>23. Bruce Springsteen (1949) &#8211; S\u00e4nger<\/li>\n<li>25. Michael Douglas (1944) &#8211; Schauspieler<\/li>\n<li>25. Will Smith (1968) &#8211; Schauspieler, S\u00e4nger, &#8230;<\/li>\n<li>27. Meat Loaf (1947) &#8211; S\u00e4nger<\/li>\n<li>27. Avril Lavigne (1984) &#8211; S\u00e4ngerin<\/li>\n<li>28. Mika H\u00e4kkinen (1968) &#8211; Rennfahrer<\/li>\n<li>29. Ferris Buler (1971) &#8211; Scooter<\/li>\n<li>30. Indira (1979) &#8211; Bro\\&#8217;Sis<\/li>\n<\/ul>\n","protected":false},"excerpt":{"rendered":"<p>01. Gloria Estefan (1957) &#8211; S\u00e4ngerin 02. Keanu Reeves (1964) &#8211; Schauspieler 04. Dan Miller (1980) &#8211; O-Town 08. Pink (1979) &#8211; S\u00e4ngerin 09. Hugh Grant (1960) &#8211; Schauspieler 11. Moby (1965) &#8211; S\u00e4nger 12. Ralf Bauer (1966) &#8211; Schauspieler,&hellip;<\/p>\n<p class=\"more-link-p\"><a class=\"more-link\" href=\"http:\/\/www.events-und-trends.de\/data\/stargeburtstage-im-september\">weiterlesen<\/a><\/p>\n","protected":false},"author":1,"featured_media":0,"parent":0,"menu_order":0,"comment_status":"closed","ping_status":"closed","template":"","meta":{"ngg_post_thumbnail":0,"footnotes":""},"class_list":["post-3052509","page","type-page","status-publish","hentry"],"_links":{"self":[{"href":"http:\/\/www.events-und-trends.de\/data\/wp-json\/wp\/v2\/pages\/3052509","targetHints":{"allow":["GET"]}}],"collection":[{"href":"http:\/\/www.events-und-trends.de\/data\/wp-json\/wp\/v2\/pages"}],"about":[{"href":"http:\/\/www.events-und-trends.de\/data\/wp-json\/wp\/v2\/types\/page"}],"author":[{"embeddable":true,"href":"http:\/\/www.events-und-trends.de\/data\/wp-json\/wp\/v2\/users\/1"}],"replies":[{"embeddable":true,"href":"http:\/\/www.events-und-trends.de\/data\/wp-json\/wp\/v2\/comments?post=3052509"}],"version-history":[{"count":2,"href":"http:\/\/www.events-und-trends.de\/data\/wp-json\/wp\/v2\/pages\/3052509\/revisions"}],"predecessor-version":[{"id":3052531,"href":"http:\/\/www.events-und-trends.de\/data\/wp-json\/wp\/v2\/pages\/3052509\/revisions\/3052531"}],"wp:attachment":[{"href":"http:\/\/www.events-und-trends.de\/data\/wp-json\/wp\/v2\/media?parent=3052509"}],"curies":[{"name":"wp","href":"https:\/\/api.w.org\/{rel}","templated":true}]}}