{"id":3052485,"date":"2011-07-02T17:56:32","date_gmt":"2011-07-02T15:56:32","guid":{"rendered":"http:\/\/events-und-trends.de\/info\/?page_id=3052485"},"modified":"2011-07-02T18:07:19","modified_gmt":"2011-07-02T16:07:19","slug":"witze","status":"publish","type":"page","link":"http:\/\/www.events-und-trends.de\/data\/witze","title":{"rendered":"Witze"},"content":{"rendered":"<p>Frau Maier klagte: &#8222;Mein kleiner Timo kaut immerzu N\u00e4gel!&#8220; Meint die Nachbarin: &#8222;Das ist aber sehr gef\u00e4hrlich! Nehmen Sie ihm die  N\u00e4gel weg und geben Sie ihm einfach ganz gro\u00dfe Kupferschrauben!&#8220;<\/p>\n<p>Der Lehrer fragt die Klasse: &#8222;Hat jemand von euch schon mal ein Leben gerettet?&#8220; Meldet sich Markus: &#8222;Ja, ich meinem Neffen Fritzchen.&#8220; &#8222;Ach, wie denn?&#8220; &#8222;Ich habe die Antibabypillen meiner gro\u00dfen Schwester versteckt!&#8220;<\/p>\n<p>&#8222;Warum sind Sie blo\u00df Kellner geworden, Sie sind doch fast blind.&#8220; &#8222;Eben, deshalb riet mir mein Augenarzt, ich solle Gl\u00e4ser tragen.&#8220;<\/p>\n<p>Gast: &#8222;K\u00f6nnen Sie mir sagen, ob die Vollpension billiger wird, wenn man eine Woche bleibt?&#8220; Wirt: &#8222;Das kann ich nicht sagen, mein Herr, eine Woche ist noch keiner geblieben.&#8220;<\/p>\n<p>Gert ruft aus seinem Zimmer den Hotelportier an und beschwert sich: &#8222;In meinem Zimmer ist eine Maus.&#8220; &#8222;Macht nichts, wir sehen das nicht so eng, sie kann ihre Anmeldung morgen ausf\u00fcllen.&#8220;<\/p>\n<p>Besoffen taumelt J\u00fcrgen aus der Kneipe auf sein Auto zu. Spricht ihn ein Polizist an: &#8222;Bei Alkohol: H\u00e4nde weg vom Steuer.&#8220; Lallt J\u00fcrgen: &#8222;Was denn, soll ich etwa freih\u00e4ndig fahren?&#8220;<\/p>\n<p>Fragt der Dirktor: &#8222;Sind Sie mit Ihrer Stellung zufrieden, Fr\u00e4ulein Susi?&#8220; &#8222;Ja, Herr Direktor, nur der Locher dr\u00fcckt im R\u00fccken.&#8220;<\/p>\n<p>Der Richter zu Fred: &#8222;Angeklagter, Sie werden freigesprochen, weil wir Ihnen den Bankraub nicht nachweisen k\u00f6nnen.&#8220;  &#8222;Ist ja toll. Hei\u00dft das, ich darf das Geld behalten?&#8220;<\/p>\n<p>Im Supermarkt-Regal macht eine Milchflasche eine andere an: &#8222;Du, ich bin ganz frisch!&#8220;  &#8222;Hat keinen Zweck, ich bin sterilisiert.&#8220;<\/p>\n<p>Als der Kellner die Rechnung vorlegte, sagt Manfred: &#8222;Trinken Sie, Herr Ober?&#8220; &#8222;Nein, mein Herr.&#8220; &#8222;Sehr gut, dann brauchen Sie ja auch kein Trinkgeld,&#8230;&#8220;<\/p>\n<p>Ein Engl\u00e4nder und ein Bayer sitzen im Hofbr\u00e4uhaus an einem Tisch. Fragt der Tommy: &#8222;Are you smoking?&#8220; &#8222;Naa, du Depp, d\u00f6s is a Trachtenanzug!&#8220;<\/p>\n<p>Kommt ein Stellungsloser auf\\&#8217;s Arbeitsamt. &#8222;Beruf?&#8220; &#8222;Gro\u00dfwildj\u00e4ger.&#8220; &#8222;Wo?&#8220; &#8222;In L\u00fcneburg.&#8220; &#8222;Aber da gibt es doch gar kein Gro\u00dfwild.&#8220; &#8222;Deswegen bin ich ja hier.&#8220;<\/p>\n<p>&#8222;Liebes, m\u00f6chtest du uns nicht etwas vorsingen?&#8220; &#8222;Die G\u00e4ste gehen doch bereits.&#8220; &#8222;Aber nicht schnell genug.&#8220;<\/p>\n<p>Der Biologielehrer fragt den Frank: &#8222;Wann ist die beste Zeit die Kirschen zu ernten?&#8220; &#8222;Wenn der Nachbar verreist ist.&#8220;<\/p>\n<p>Beim Waldspaziergang quatscht Adam die Eva an: &#8222;Ist das nicht herrlich? Diese Natur, fast wie im Urwald.&#8220; &#8222;Ja, und der Affe ist auch schon da.&#8220;<\/p>\n<p>&#8222;Herr Ober, der Wein ist ja tr\u00fcb.&#8220; &#8222;Das kann nicht sein, wahrscheinlich ist nur das Glas schmutzig.&#8220;<\/p>\n<p>Welche Disziplinen umfasst der Beamtendreikampf? Knicken, lochen, abheften.<\/p>\n<p>Was ist Beamtenmikado? Wer sich zuerst bewegt, der hat verloren!<\/p>\n<p>Der Lehrer zu Fritzchen: &#8222;Ich hoffe, dass ich dich in Zukunft nicht noch mal beim abschreiben erwische.&#8220; &#8222;Ja, das hoffe ich auch.&#8220;<\/p>\n<p>Uwe kommt mit einem geschwollenen Auge zum Arzt. Meint der: &#8222;Nanu, hat Sie eine Wespe gestochen?&#8220;  &#8222;Nein, eine Biene hat zugeschlagen!&#8220;<\/p>\n<p>Eva fragt im Paradies den Adam: &#8222;Liebst du mich auch wirklich?&#8220;  Knurrt er unwirsch: &#8222;Klar, wen denn sonst?&#8220;<\/p>\n<p>Der Killer h\u00e4lt dem Schotten einen Revolver unter die Nase und knurrt: &#8222;Hundert Pfund oder dein Leben.&#8220; &#8222;Bitte nur f\u00fcnfzig Pfund, ich bin ja schon halb tot vor Angst&#8230;&#8220;<\/p>\n<p>Wie nennt man einen intelligenten Toilettenbesucher? Klugschei\u00dfer!<\/p>\n<p>Der Name Windows stammt urspr\u00fcnglich aus dem Indianischen und bedeutet: &#8222;Wei\u00dfer Mann, der auf eine Sanduhr starrt.&#8220;<\/p>\n<p>Mit gebrochenem Arm kommt Walter zum Psychiater und sagt: &#8222;Der Mann meiner Freundin versteht mich nicht.&#8220;<\/p>\n<p>Hans kommt mit seinem Zeugnis heim und schimpft: &#8222;Ewig mault der Lehrer  \u00fcber meine Schrift. Und dabei sehen auch seine Einser aus wie Vierer!&#8220;<\/p>\n<p>Der Ober zum aufgeregten Gast: &#8222;Wie k\u00f6nnen Sie sich \u00fcber die schlechte  Bedienung beschweren? Sie hatten doch bis jetzt noch gar keine!&#8220;<\/p>\n<p>Fritzchen kommt mit seinem Zeugnis nach Hause. Die Mutter liest es  aufmerksam durch. &#8222;Was ist denn das? In Betragen eine Sechs? Nimm dir  ein Beispiel an Papa. Der ist wegen guter F\u00fchrung schon zweimal  vorzeitig entlassen worden!&#8220;<\/p>\n<p>Das Groupie-Girl schw\u00e4rmt den Rock-Star an: &#8222;Ich zahle hundert Mark f\u00fcr eine einzige Locke von dir.&#8220; Grinst er: &#8222;Gib mir zweihundert, dann geh\u00f6rt dir die ganze Per\u00fccke!&#8220;<\/p>\n","protected":false},"excerpt":{"rendered":"<p>Frau Maier klagte: &#8222;Mein kleiner Timo kaut immerzu N\u00e4gel!&#8220; Meint die Nachbarin: &#8222;Das ist aber sehr gef\u00e4hrlich! Nehmen Sie ihm die N\u00e4gel weg und geben Sie ihm einfach ganz gro\u00dfe Kupferschrauben!&#8220; Der Lehrer fragt die Klasse: &#8222;Hat jemand von euch&hellip;<\/p>\n<p class=\"more-link-p\"><a class=\"more-link\" href=\"http:\/\/www.events-und-trends.de\/data\/witze\">weiterlesen<\/a><\/p>\n","protected":false},"author":1,"featured_media":0,"parent":0,"menu_order":0,"comment_status":"closed","ping_status":"closed","template":"","meta":{"ngg_post_thumbnail":0,"footnotes":""},"class_list":["post-3052485","page","type-page","status-publish","hentry"],"_links":{"self":[{"href":"http:\/\/www.events-und-trends.de\/data\/wp-json\/wp\/v2\/pages\/3052485","targetHints":{"allow":["GET"]}}],"collection":[{"href":"http:\/\/www.events-und-trends.de\/data\/wp-json\/wp\/v2\/pages"}],"about":[{"href":"http:\/\/www.events-und-trends.de\/data\/wp-json\/wp\/v2\/types\/page"}],"author":[{"embeddable":true,"href":"http:\/\/www.events-und-trends.de\/data\/wp-json\/wp\/v2\/users\/1"}],"replies":[{"embeddable":true,"href":"http:\/\/www.events-und-trends.de\/data\/wp-json\/wp\/v2\/comments?post=3052485"}],"version-history":[{"count":2,"href":"http:\/\/www.events-und-trends.de\/data\/wp-json\/wp\/v2\/pages\/3052485\/revisions"}],"predecessor-version":[{"id":3052533,"href":"http:\/\/www.events-und-trends.de\/data\/wp-json\/wp\/v2\/pages\/3052485\/revisions\/3052533"}],"wp:attachment":[{"href":"http:\/\/www.events-und-trends.de\/data\/wp-json\/wp\/v2\/media?parent=3052485"}],"curies":[{"name":"wp","href":"https:\/\/api.w.org\/{rel}","templated":true}]}}